


{"id":28,"date":"2018-07-04T15:29:22","date_gmt":"2018-07-04T13:29:22","guid":{"rendered":"https:\/\/www.agnieszkawlachos.pl\/?page_id=28"},"modified":"2018-10-01T15:17:20","modified_gmt":"2018-10-01T13:17:20","slug":"kontakt","status":"publish","type":"page","link":"https:\/\/www.agnieszkawlachos.pl\/?page_id=28","title":{"rendered":"Kontakt"},"content":{"rendered":"<div id=\"result\">\n<div class=\"clearfix\">\n<div class=\"cf-left-col\">\n<div class=\"form-group\">\n<div class=\"row clearfix \">\n<div class=\"col full \">\n<p><strong>KONTAKT<\/strong><\/p>\n<\/div>\n<\/div>\n<div class=\"row clearfix \">\n<div class=\"one-third \">\n<div class=\"info-box \">\n<p class=\"desc\">NAZWISKO<\/p>\n<p class=\"info\">Agnieszka Wlachos<\/p>\n<\/div>\n<\/div>\n<div class=\"row clearfix \">\n<div class=\"one-third \">\n<div class=\"info-box \">\n<p class=\"desc\">MIEJSCE<\/p>\n<p class=\"info\">Warszawa<\/p>\n<\/div>\n<\/div>\n<div class=\"row clearfix \">\n<div class=\"one-third \">\n<div class=\"info-box \">\n<p class=\"desc\">PRACA<\/p>\n<p class=\"info\">Fotograf<\/p>\n<\/div>\n<\/div>\n<div class=\"row clearfix \">\n<div class=\"col full \">\n<div id=\"wpcf7-f65-p78-o1\" class=\"wpcf7\" dir=\"ltr\" lang=\"en-US\" role=\"form\">\n<div class=\"screen-reader-response\"><\/div>\n<form class=\"wpcf7-form\" action=\"http:\/\/https:\/\/www.agnieszkawlachos.pl\/?page_id=28\" method=\"post\" novalidate=\"novalidate\"><span class=\"wpcf7-form-control-wrap name\"><input class=\"wpcf7-form-control wpcf7-text wpcf7-validates-as-required\" name=\"name\" size=\"35\" type=\"text\" value=\"\" placeholder=\"NAZWISKO\" aria-required=\"true\" aria-invalid=\"false\" \/><\/span><span class=\"wpcf7-form-control-wrap email\"><input class=\"wpcf7-form-control wpcf7-text wpcf7-email wpcf7-validates-as-required wpcf7-validates-as-email\" name=\"email\" size=\"40\" type=\"email\" value=\"\" placeholder=\"EMAIL\" aria-required=\"true\" aria-invalid=\"false\" \/><\/span><span class=\"wpcf7-form-control-wrap subject\"><input class=\"wpcf7-form-control wpcf7-text\" name=\"subject\" size=\"35\" type=\"text\" value=\"\" placeholder=\"TEMAT\" aria-invalid=\"false\" \/><\/span><\/p>\n<div class=\"align-right pt-10\"><span class=\"wpcf7-form-control-wrap your-message\"><textarea class=\"wpcf7-form-control wpcf7-textarea\" cols=\"40\" name=\"your-message\" rows=\"10\" placeholder=\"TRE\u015a\u0106 WIADOMO\u015aCI\" aria-invalid=\"false\"><\/textarea><\/span><br \/>\n<input class=\"wpcf7-form-control wpcf7-submit\" type=\"submit\" value=\"WY\u015aLIJ\" \/><\/div>\n<\/form>\n<\/div>\n<div class=\"clear\"><\/div>\n<\/div>\n<\/div>\n<\/div>\n<\/div>\n<\/div>\n<\/div>\n<\/div>\n<\/div>\n<\/div>\n","protected":false},"excerpt":{"rendered":"<p>KONTAKT NAZWISKO Agnieszka Wlachos MIEJSCE Warszawa PRACA Fotograf<\/p>\n","protected":false},"author":1,"featured_media":0,"parent":0,"menu_order":0,"comment_status":"closed","ping_status":"closed","template":"","meta":[],"class_list":["post-28","page","type-page","status-publish","hentry"],"_links":{"self":[{"href":"https:\/\/www.agnieszkawlachos.pl\/index.php?rest_route=\/wp\/v2\/pages\/28","targetHints":{"allow":["GET"]}}],"collection":[{"href":"https:\/\/www.agnieszkawlachos.pl\/index.php?rest_route=\/wp\/v2\/pages"}],"about":[{"href":"https:\/\/www.agnieszkawlachos.pl\/index.php?rest_route=\/wp\/v2\/types\/page"}],"author":[{"embeddable":true,"href":"https:\/\/www.agnieszkawlachos.pl\/index.php?rest_route=\/wp\/v2\/users\/1"}],"replies":[{"embeddable":true,"href":"https:\/\/www.agnieszkawlachos.pl\/index.php?rest_route=%2Fwp%2Fv2%2Fcomments&post=28"}],"version-history":[{"count":0,"href":"https:\/\/www.agnieszkawlachos.pl\/index.php?rest_route=\/wp\/v2\/pages\/28\/revisions"}],"wp:attachment":[{"href":"https:\/\/www.agnieszkawlachos.pl\/index.php?rest_route=%2Fwp%2Fv2%2Fmedia&parent=28"}],"curies":[{"name":"wp","href":"https:\/\/api.w.org\/{rel}","templated":true}]}}