


{"id":528,"date":"2018-10-01T15:12:10","date_gmt":"2018-10-01T13:12:10","guid":{"rendered":"https:\/\/www.agnieszkawlachos.pl\/?page_id=528"},"modified":"2018-10-01T15:24:01","modified_gmt":"2018-10-01T13:24:01","slug":"polityka-prywatnosci","status":"publish","type":"page","link":"https:\/\/www.agnieszkawlachos.pl\/?page_id=528","title":{"rendered":"Polityka prywatno\u015bci"},"content":{"rendered":"<h3><strong>&#8222;Polityka prywatno\u015bci i cookies&#8221;<\/strong><\/h3>\n<div class=\"container-wrapper\">\n<section class=\"container-page clearfix tiny-page\">\n<div class=\"content\">\n<div class=\"entry-content\">\n<p>25 maja 2018 roku wchodzi w \u017cycie nowe prawo o nazwie Regulacja o Ochronie Danych Osobowych ( w skr\u00f3cie RODO). RODO pomo\u017ce chroni\u0107 prywatno\u015b\u0107 i spos\u00f3b przechowywania danych osobowych. Zabezpieczam Wasze dane takie jak np.: adres, email, numer telefonu czy informacje dotycz\u0105ce sesji zdj\u0119ciowej. W ka\u017cdej chwili macie prawo wgl\u0105du do tre\u015bci danych oraz \u017c\u0105dania ich poprawienia lub usuni\u0119cia. Korzystanie ze strony, przegl\u0105danie tre\u015bci na niej umieszczonych nie wymaga podania \u017cadnych danych osobowych. Dane osobowe potrzebne s\u0105 jedynie w przypadku ch\u0119ci kontaktu z nami za po\u015brednictwem formularza kontaktowego lub adresu email umieszczonego na stronie w celu uzyskania oferty wsp\u00f3\u0142pracy \u2013 w tym przypadku podanie danych jest niezb\u0119dne.<\/p>\n<hr \/>\n<h4><strong>1. POSTANOWIENIA OG\u00d3LNE<\/strong><\/h4>\n<p>1.1. Administratorem danych jest Agnieszka Wlachos. Ochrona danych odbywa si\u0119 zgodnie z wymogami powszechnie obowi\u0105zuj\u0105cych przepis\u00f3w prawa, a ich przechowywanie ma miejsce na zabezpieczonych serwerach.<\/p>\n<p>1.2. Na potrzeby lepszego odbioru Polityki Prywatno\u015bci termin \u201eu\u017cytkownik\u201d zast\u0105piony zosta\u0142 okre\u015bleniem \u201eTy\u201d, \u201eAdministrator\u201d \u2013 \u201eJa\u201d. Termin \u201eRODO\u201d oznacza Rozporz\u0105dzenie Parlamentu Europejskiego i Rady (UE) 2016\/679 z dnia 27 kwietnia 2016r. w sprawie ochrony os\u00f3b fizycznych w zwi\u0105zku z przetwarzaniem danych osobowych i w sprawie swobodnego przep\u0142ywu takich danych oraz uchylenia dyrektywy 95\/46\/WE.<\/p>\n<p>1.3. Szanujemy prawo do prywatno\u015bci i dbamy o bezpiecze\u0144stwo danych.<\/p>\n<p>1.4. Dane osobowe b\u0119d\u0105 przetwarzane w celu odpowiedzi na skierowane przy u\u017cyciu formularza kontaktowego.<\/p>\n<p>1.5. Podanie danych osobowych jest dobrowolne, jednak\u017ce brak wyra\u017cenia zgody na przetwarzanie danych uniemo\u017cliwia \u015bwiadczenie w\/w us\u0142ug.<\/p>\n<p>1.6. Dane osobowe niedosz\u0142ych klient\u00f3w (os\u00f3b, kt\u00f3re poprosi\u0142y o ofert\u0119, ale wsp\u00f3\u0142praca nie zosta\u0142a finalnie nawi\u0105zana ze mn\u0105) b\u0119d\u0105 przechowywane przed okres 1 roku od daty wys\u0142ania zapytania. Dane osobowe klient\u00f3w, z kt\u00f3rymi zosta\u0142a nawi\u0105zana wsp\u00f3\u0142praca b\u0119d\u0105 przechowywane rzez 5 lat.<\/p>\n<p>1.7. Przys\u0142uguje Pani\/Panu prawo \u017c\u0105dania dost\u0119pu do tre\u015bci danych osobowych, ich sprostowania, usuni\u0119cia oraz prawo do ograniczenia ich przetwarzania. Posiada Pani\/pan prawo do bycia zapomnianym. Ponadto tak\u017ce prawo do cofni\u0119cia zgody w dowolnym momencie bez wp\u0142ywu na zgodno\u015b\u0107 z prawem przetwarzania, prawo do przenoszenia danych oraz prawo do wniesienia sprzeciwu wobec przetwarzania danych osobowych.<\/p>\n<p>1.8. Posiada Pani\/Pan prawo do otrzymania kopii (na \u017c\u0105danie) przetwarzanych danych osobowych, prawo (na \u017c\u0105danie, uzasadnione) do przeniesienia danych osobowych.<\/p>\n<p>1.9. Posiada Pani\/Pan prawo wniesienia skargi do Prezesa Urz\u0119du Danych osobowych.<\/p>\n<p>1.10. Dane osobowe b\u0119d\u0105 przekazywane wy\u0142\u0105cznie naszym podwykonawcom, tj. dostawcom us\u0142ug informatycznych.<\/p>\n<hr \/>\n<h4><strong>2. ADMINISTRATOR DANYCH<\/strong><\/h4>\n<p>2.1. Dane osobowe przetwarzane s\u0105:<\/p>\n<p>2.1.a. zgodnie z przepisami dotycz\u0105cymi ochrony danych osobowych,<\/p>\n<p>2.1.b. zgodnie z wdro\u017con\u0105 Polityk\u0105 Prywatno\u015bci,<\/p>\n<p>2.1.c. w zakresie i celu niezb\u0119dnym do nawi\u0105zania, ukszta\u0142towania tre\u015bci Oferty\/Umowy, zmiany b\u0105d\u017a jej rozwi\u0105zania oraz prawid\u0142owej realizacji us\u0142ug \u015bwiadczonych drog\u0105 elektroniczn\u0105,<\/p>\n<p>2.1.d. w zakresie i celu niezb\u0119dnym do wype\u0142nienia uzasadnionych interes\u00f3w (prawnie usprawiedliwionych cel\u00f3w), a przetwarzanie nie narusza praw i wolno\u015bci osoby, kt\u00f3rej dane dotycz\u0105 w zakresie i celu zgodnym ze zgod\u0105 wyra\u017con\u0105 przez Ciebie je\u015bli wys\u0142a\u0142e\u015b zapytanie przez stron\u0119 Kontakt (Napisz do mnie).<\/p>\n<p>2.2. Kontakt z osob\u0105 nadzoruj\u0105c\u0105 przetwarzanie danych osobowych w organizacji Us\u0142ugodawcy jest mo\u017cliwy drog\u0105 elektroniczn\u0105 przez stron\u0119 Kontakt (Napisz do mnie).<\/p>\n<p>2.3. Us\u0142ugodawca ma prawo udost\u0119pnia\u0107 dane osobowe U\u017cytkownika oraz innych jego danych podmiotom upowa\u017cnionym na podstawie w\u0142a\u015bciwych przepis\u00f3w prawa (np. organom \u015bcigania).<\/p>\n<p>2.4. Usuni\u0119cie danych osobowych mo\u017ce nast\u0105pi\u0107 na skutek cofni\u0119cia zgody b\u0105d\u017a wniesienia prawnie dopuszczalnego sprzeciwu na przetwarzanie danych osobowych.<\/p>\n<p>2.5. Us\u0142ugodawca nie udost\u0119pniania danych osobowych innym podmiotom ani\u017celi upowa\u017cnionym na podstawie w\u0142a\u015bciwych przepis\u00f3w prawa.<\/p>\n<p>2.6. Dane osobowe przetwarzaj\u0105 osoby wy\u0142\u0105cznie upowa\u017cnione przez nas albo przetwarzaj\u0105cy, z kt\u00f3rymi \u015bci\u015ble wsp\u00f3\u0142pracuj\u0119.<\/p>\n<hr \/>\n<h4><strong>3. PLIKI COOKIES<\/strong><\/h4>\n<p>3.1. Witryna agnieszkawlachos.pl u\u017cywa cookies. S\u0105 to niewielkie pliki tekstowe wysy\u0142ane przez serwer www i przechowywane przez oprogramowanie komputera przegl\u0105darki. Kiedy przegl\u0105darka ponownie po\u0142\u0105czy si\u0119 ze stron\u0105, witryna rozpoznaje rodzaj urz\u0105dzenia, z kt\u00f3rego \u0142\u0105czy si\u0119 u\u017cytkownik. Parametry pozwalaj\u0105 na odczytanie informacji w nich zawartych jedynie serwerowi, kt\u00f3ry je utworzy\u0142. Cookies u\u0142atwiaj\u0105 wi\u0119c korzystanie z wcze\u015bniej odwiedzonych witryn. Gromadzone informacje dotycz\u0105 adresu IP, typu wykorzystywanej przegl\u0105darki, j\u0119zyka, rodzaju systemu operacyjnego, dostawcy us\u0142ug internetowych, informacji o czasie i dacie, lokalizacji oraz informacji przesy\u0142anych do witryny za po\u015brednictwem formularza kontaktowego.<\/p>\n<p>3.2. Zebrane dane s\u0142u\u017c\u0105 do monitorowania i sprawdzenia, w jaki spos\u00f3b u\u017cytkownicy korzystaj\u0105 z naszej witryny, aby usprawnia\u0107 funkcjonowanie serwisu zapewniaj\u0105c bardziej efektywn\u0105 i bezproblemow\u0105 nawigacj\u0119. Monitorowania informacji o u\u017cytkownikach dokonuj\u0119 korzystaj\u0105c z narz\u0119dzia Google Analitics, kt\u00f3re rejestruje zachowanie u\u017cytkownika na stronie. Cookies identyfikuje u\u017cytkownika, co pozwala na dopasowanie tre\u015bci witryny, z kt\u00f3rej korzysta, do jego potrzeb. Stosuj\u0119 pliki cookies, aby zagwarantowa\u0107 najwy\u017cszy standard wygody mojego serwisu, a zebrane dane s\u0105 wykorzystywane jedynie wewn\u0105trz firmy Fotografia Kamila Piech w celu optymalizacji dzia\u0142a\u0144.<\/p>\n<p>3.3. U\u017cytkownik w ka\u017cdej chwili ma mo\u017cliwo\u015b\u0107 wy\u0142\u0105czenia lub przywr\u00f3cenia opcji gromadzenia cookies poprzez zmian\u0119 ustawie\u0144 w przegl\u0105darce internetowej. Instrukcja zarz\u0105dzania plikami cookies jest dost\u0119pna na stronie<br \/>\nInternet Explorer: <a href=\"https:\/\/support.microsoft.com\/pl-pl\/help\/17442\/windows-internet-explorer-delete-manage-cookies\">https:\/\/support.microsoft.com\/pl-pl\/help\/17442\/windows-internet-explorer-delete-manage-cookies<\/a><br \/>\nFirefox: <a href=\"http:\/\/support.mozilla.org\/pl\/kb\/ciasteczka\">http:\/\/support.mozilla.org\/pl\/kb\/ciasteczka<\/a><br \/>\nChrome: <a href=\"http:\/\/support.google.com\/chrome\/bin\/answer.py?hl=pl&amp;answer=95647\">http:\/\/support.google.com\/chrome\/bin\/answer.py?hl=pl&amp;answer=95647<\/a><br \/>\nOpera: <a href=\"https:\/\/help.opera.com\/pl\/?s=cookies&amp;product=latest\">https:\/\/help.opera.com\/pl\/?s=cookies&amp;product=latest<\/a><br \/>\nSafari: <a href=\"http:\/\/support.apple.com\/kb\/HT1677?viewlocale=pl_PL&amp;locale=pl_PL\">http:\/\/support.apple.com\/kb\/HT1677?viewlocale=pl_PL&amp;locale=pl_PL<\/a>.<\/p>\n<hr \/>\n<h4><strong>4. POSTANOWIENIA KO\u0143COWE<\/strong><\/h4>\n<p>4.1. Korzystaj\u0105c ze strony akceptujesz jej zasady. W przypadku je\u015bli nie jeste\u015b w stanie zaakceptowa\u0107 zasad, prosimy o nie korzystanie z mojej strony.<\/p>\n<p>4.2. Administrator strony ma prawo do aktualizowania tre\u015bci podstrony z \u201ePolityk\u0105 Prywatno\u015bci\u201d. U\u017cytkownik\u00f3w strony prosimy do okresowego sprawdzania tre\u015bci \u201ePolityki prywatno\u015bci\u201d.<\/p>\n<p>4.3. W razie jakichkolwiek pyta\u0144 zwi\u0105zanych z \u201ePolityka prywatno\u015bci\u201d dost\u0119pn\u0105 na stronie\u00a0www.agnieszkawlachos.pl prosz\u0119 o kontakt poprzez formularz kontaktowy zamieszczony na stronie.<\/p>\n<\/div>\n<\/div>\n<\/section>\n<\/div>\n<h3><\/h3>\n","protected":false},"excerpt":{"rendered":"<p>&#8222;Polityka prywatno\u015bci i cookies&#8221; 25 maja 2018 roku wchodzi w \u017cycie nowe prawo o nazwie Regulacja o Ochronie Danych Osobowych ( w skr\u00f3cie RODO). RODO pomo\u017ce chroni\u0107 prywatno\u015b\u0107 i spos\u00f3b przechowywania danych osobowych. Zabezpieczam Wasze [&hellip;]<\/p>\n","protected":false},"author":1,"featured_media":0,"parent":0,"menu_order":0,"comment_status":"closed","ping_status":"closed","template":"","meta":[],"class_list":["post-528","page","type-page","status-publish","hentry"],"_links":{"self":[{"href":"https:\/\/www.agnieszkawlachos.pl\/index.php?rest_route=\/wp\/v2\/pages\/528","targetHints":{"allow":["GET"]}}],"collection":[{"href":"https:\/\/www.agnieszkawlachos.pl\/index.php?rest_route=\/wp\/v2\/pages"}],"about":[{"href":"https:\/\/www.agnieszkawlachos.pl\/index.php?rest_route=\/wp\/v2\/types\/page"}],"author":[{"embeddable":true,"href":"https:\/\/www.agnieszkawlachos.pl\/index.php?rest_route=\/wp\/v2\/users\/1"}],"replies":[{"embeddable":true,"href":"https:\/\/www.agnieszkawlachos.pl\/index.php?rest_route=%2Fwp%2Fv2%2Fcomments&post=528"}],"version-history":[{"count":0,"href":"https:\/\/www.agnieszkawlachos.pl\/index.php?rest_route=\/wp\/v2\/pages\/528\/revisions"}],"wp:attachment":[{"href":"https:\/\/www.agnieszkawlachos.pl\/index.php?rest_route=%2Fwp%2Fv2%2Fmedia&parent=528"}],"curies":[{"name":"wp","href":"https:\/\/api.w.org\/{rel}","templated":true}]}}