


{"id":563,"date":"2024-01-06T17:03:55","date_gmt":"2024-01-06T16:03:55","guid":{"rendered":"https:\/\/www.agnieszkawlachos.pl\/?page_id=563"},"modified":"2024-01-06T17:19:36","modified_gmt":"2024-01-06T16:19:36","slug":"bio","status":"publish","type":"page","link":"https:\/\/www.agnieszkawlachos.pl\/?page_id=563","title":{"rendered":"BIO"},"content":{"rendered":"\n<p class=\"has-text-align-center has-black-color has-white-background-color has-text-color has-background has-link-color has-small-font-size wp-elements-d3d957e0d590c78345d8e260208fd340\"><strong>Agnieszka Wlachos<\/strong>\u00a0\u2013 rocznik \u201973 \u2013 \u0142odzianka, mieszka i pracuje w Warszawie.<br>Absolwentka Studium Fotografii ZPAF, cz\u0142onkini Zwi\u0105zku Polskich Artst\u00f3w Fotografik\u00f3w, oddaj\u0105ca si\u0119 sztuce fotografii z pe\u0142nym zaanga\u017cowaniem.\u00a0<br>Jej \u017cycie ukszta\u0142towane przez do\u015bwiadczenie rodzicielstwa adopcyjnego dodaje g\u0142\u0119bi i wra\u017cliwo\u015bci jej\u00a0pracom. Nie tylko filolog, ale r\u00f3wnie\u017c utalentowana artystka, specjalistka ds. Public Relations i aktywna kuratorka galerii sztuki w warszawskim domu kultury.<br>Specjalizuje si\u0119 w fotografii artystycznej, kreacyjnej, emocjonalnej, pos\u0142uguj\u0105c si\u0119 zar\u00f3wno technikami cyfrowymi jak i tradycyjnych czy wr\u0119cz eksperymentalnymi. Jej portfolio to zbi\u00f3r unikalnych prac, prezentowanych zar\u00f3wno na wystawach zbiorowych, jak i podczas indywidualnych ekspozycji. Tworzy\u00a0obrazy, kt\u00f3re przenosz\u0105 widza w fascynuj\u0105cy \u015bwiat, ukazuj\u0105c trudne tematy w subtelny i wra\u017cliwy spos\u00f3b.\u00a0Jej prace to nie tylko doskona\u0142e przyk\u0142ady rzemios\u0142a fotograficznego, lecz r\u00f3wnie\u017c g\u0142\u0119bokie refleksje nad ludzkimi do\u015bwiadczeniami i emocjami. Nieustannie poszukuje nowych form wyrazu, eksperymentuj\u0105c z r\u00f3\u017cnorodnymi technikami, co pozwala na tworzenie unikatowych fotografii b\u0119d\u0105cych\u00a0przede wszystkim pe\u0142nymi emocji historiami.<\/p>\n","protected":false},"excerpt":{"rendered":"<p>Agnieszka Wlachos\u00a0\u2013 rocznik \u201973 \u2013 \u0142odzianka, mieszka i pracuje w Warszawie.Absolwentka Studium Fotografii ZPAF, cz\u0142onkini Zwi\u0105zku Polskich Artst\u00f3w Fotografik\u00f3w, oddaj\u0105ca si\u0119 sztuce fotografii z pe\u0142nym zaanga\u017cowaniem.\u00a0Jej \u017cycie ukszta\u0142towane przez do\u015bwiadczenie rodzicielstwa adopcyjnego dodaje g\u0142\u0119bi i [&hellip;]<\/p>\n","protected":false},"author":1,"featured_media":0,"parent":0,"menu_order":0,"comment_status":"closed","ping_status":"closed","template":"","meta":[],"class_list":["post-563","page","type-page","status-publish","hentry"],"_links":{"self":[{"href":"https:\/\/www.agnieszkawlachos.pl\/index.php?rest_route=\/wp\/v2\/pages\/563","targetHints":{"allow":["GET"]}}],"collection":[{"href":"https:\/\/www.agnieszkawlachos.pl\/index.php?rest_route=\/wp\/v2\/pages"}],"about":[{"href":"https:\/\/www.agnieszkawlachos.pl\/index.php?rest_route=\/wp\/v2\/types\/page"}],"author":[{"embeddable":true,"href":"https:\/\/www.agnieszkawlachos.pl\/index.php?rest_route=\/wp\/v2\/users\/1"}],"replies":[{"embeddable":true,"href":"https:\/\/www.agnieszkawlachos.pl\/index.php?rest_route=%2Fwp%2Fv2%2Fcomments&post=563"}],"version-history":[{"count":0,"href":"https:\/\/www.agnieszkawlachos.pl\/index.php?rest_route=\/wp\/v2\/pages\/563\/revisions"}],"wp:attachment":[{"href":"https:\/\/www.agnieszkawlachos.pl\/index.php?rest_route=%2Fwp%2Fv2%2Fmedia&parent=563"}],"curies":[{"name":"wp","href":"https:\/\/api.w.org\/{rel}","templated":true}]}}